{"id":420,"date":"2019-08-26T16:11:16","date_gmt":"2019-08-26T14:11:16","guid":{"rendered":"https:\/\/pekatherm.es\/?post_type=product&#038;p=420"},"modified":"2019-09-19T16:52:21","modified_gmt":"2019-09-19T14:52:21","slug":"cp951","status":"publish","type":"product","link":"https:\/\/pekatherm.es\/?product=cp951","title":{"rendered":"CP951 &#8211; Conjunto de dos bater\u00edas de Litio recargables &#8216;Smart&#8217; y cargador"},"content":{"rendered":"<div>Conjunto de dos bater\u00edas de Litio recargables &#8216;Smart&#8217; y cargador<\/div>\n<div><\/div>\n<div>\n<div align=\"left\"><strong>Tecnolog\u00eda:<\/strong>\u00a0Litio<\/div>\n<div align=\"left\"><strong>Tensi\u00f3n nominal de salida:<\/strong>\u00a07.4V<\/div>\n<div align=\"left\"><strong>Capacidad:<\/strong>\u00a02200mAh<\/div>\n<div align=\"left\"><strong>Potencia de salida:<\/strong> 4 niveles distintos (25-50-75-100%) seleccionables por pulsador.<\/div>\n<div><strong>Potencia max. de salida:<\/strong>\u00a015W<\/div>\n<div align=\"left\"><strong>Autonom\u00eda max. de funcionamiento:<\/strong> Entre 9 y 15h, dependiendo del modelo de guante utilizado (bater\u00eda configurada en el nivel inferior de temperatura).<\/div>\n<div align=\"left\"><strong>Dimensiones:<\/strong>\u00a070x50x20mm<\/div>\n<div align=\"left\"><strong>Peso:<\/strong>\u00a0112g<\/div>\n<div><strong>Elementos de dise\u00f1o:\u00a0<\/strong><\/div>\n<div>&#8211; Pulsador de encendido\/apagado y de selecci\u00f3n del nivel de temperatura deseado (25-50-75-100%).<\/div>\n<div align=\"left\">&#8211; LEDs multifunci\u00f3n: indicaci\u00f3n de encendido, de nivel de temperatura seleccionado, del estado de carga de la bater\u00eda y de su descarga completa.<\/div>\n<div>&#8211; Zumbador de aviso por tonos audibles.<\/div>\n<div><strong>Composici\u00f3n del conjunto<\/strong>: Dos bater\u00edas de Litio recargables con tecnolog\u00eda \u00abSmart Battery\u00bb y un cargador de salida doble para la carga simult\u00e1nea de dos bater\u00edas.<\/div>\n<div>\n<div><strong>Compatibilidad:<\/strong><\/div>\n<div>&#8211; Sotoguantes calefactores modelo GU900<\/div>\n<div>&#8211; Guantes calefactores modelos GU91, GU920<\/div>\n<\/div>\n<div><\/div>\n<\/div>\n","protected":false},"excerpt":{"rendered":"<p>EAN 8436531919511<\/p>\n<div align=\"left\">Fuente de energ\u00eda de altas prestaciones para guantes y sotoguantes calefactores Pekatherm. La alta capacidad de las bater\u00edas permite un aumento de la autonom\u00eda de funcionamiento. Mediante la tecnolog\u00eda \u00abSmart Battery\u00bb un pulsador incorporado en cada bater\u00eda, permite el ajuste de la temperatura interior de los guantes entre cuatro niveles distintos. Adem\u00e1s el cargador incorporado permite la recarga r\u00e1pida de ambas baterias de forma simult\u00e1nea.<\/div>\n<div align=\"left\">\n<p>CP951 ha sido dise\u00f1ado para proporcionar a los guantes y sotoguantes unas prestaciones profesionales en lo que se refiere a potencia, calentamiento r\u00e1pido, regulaci\u00f3n de temperatura interior, temperatura m\u00e1xima, autonom\u00eda de funcionamiento y peso. Con la adquisici\u00f3n y utilizaci\u00f3n de este pack, se dispone en los guantes y sotoguantes de la posibilidad de seleccionar la temperatura interior entre 4 niveles posibles, de una temperatura m\u00e1xima interior muy aumentada y de una autonom\u00eda de funcionamiento hasta 2 veces mayor.<\/p>\n<p>Pekatherm aconseja la adquisici\u00f3n y utilizaci\u00f3n del conjunto CP951 para obtener el m\u00e1ximo rendimiento de los guantes y sotoguantes calefactores.<\/p>\n<\/div>\n<div>\n<h6><strong>VENTAJAS DEL CONJUNTO CP951 FRENTE A OTROS TIPOS DE BATER\u00cdAS<\/strong><\/h6>\n<div align=\"left\">&#8211; Mayor capacidad y menor peso<\/div>\n<div align=\"left\">&#8211; Gran potencia de salida (permiten un calentamiento m\u00e1s r\u00e1pido de los guantes)<\/div>\n<div align=\"left\">&#8211; Posibilidad de ajuste del nivel de temperatura interior de los guantes, entre 4 niveles distintos<\/div>\n<div align=\"left\">&#8211; Tensi\u00f3n de descarga constante (la temperatura interior de los guantes permanecer\u00e1 constante hasta el agotamiento completo de las bater\u00edas).<\/div>\n<div align=\"left\">&#8211; Posibilidad de carga r\u00e1pida en un tiempo muy inferior a las bater\u00edas convencionales<\/div>\n<div align=\"left\">&#8211; Baja tasa de autodescarga (una vez cargada, la bater\u00edas retienen su carga sin perdidas apreciables durante un periodo de meses)<\/div>\n<div>&#8211; M\u00ednimos envejecimiento y p\u00e9rdida de capacidad, como consecuencia del uso<\/div>\n<\/div>\n","protected":false},"featured_media":422,"template":"","meta":[],"_links":{"self":[{"href":"https:\/\/pekatherm.es\/index.php?rest_route=\/wp\/v2\/product\/420"}],"collection":[{"href":"https:\/\/pekatherm.es\/index.php?rest_route=\/wp\/v2\/product"}],"about":[{"href":"https:\/\/pekatherm.es\/index.php?rest_route=\/wp\/v2\/types\/product"}],"wp:featuredmedia":[{"embeddable":true,"href":"https:\/\/pekatherm.es\/index.php?rest_route=\/wp\/v2\/media\/422"}],"wp:attachment":[{"href":"https:\/\/pekatherm.es\/index.php?rest_route=%2Fwp%2Fv2%2Fmedia&parent=420"}],"curies":[{"name":"wp","href":"https:\/\/api.w.org\/{rel}","templated":true}]}}