{"id":481,"date":"2019-09-04T09:58:08","date_gmt":"2019-09-04T07:58:08","guid":{"rendered":"https:\/\/pekatherm.es\/?post_type=product&#038;p=481"},"modified":"2023-10-31T16:07:30","modified_gmt":"2023-10-31T15:07:30","slug":"w022","status":"publish","type":"product","link":"https:\/\/pekatherm.es\/?product=w022","title":{"rendered":"W300 &#8211; Rechargeable 30W LED worklight with dual adjustable light source"},"content":{"rendered":"<p>EAN 8436531914080<\/p>\n<p>30W LED, two sides<br \/>\n3000lm<br \/>\n4 lighting modes: 100%, 50%, 30%, continuous dimming<br \/>\n7.4V 8800mAh Lithium battery<br \/>\nWorking time: 2.5\/5\/8h<br \/>\nCharging time: 5.5h<\/p>\n<p>8.6V 2A battery charger (included)<\/p>\n<p>Battery indicators<br \/>\n180\u00ba foldable<br \/>\nIP54<\/p>\n<p>Plastic lamp body<\/p>\n<p>IK07<br \/>\nOptional tripod stand<\/p>\n","protected":false},"excerpt":{"rendered":"<p>EAN 8436531914080<\/p>\n<p>Luz especial de trabajo con dos paneles luminosos de 30W. Su bot\u00f3n multifunci\u00f3n permite encender uno o ambos lados, pero tambi\u00e9n elegir potencia total o media.<\/p>\n<p>Est\u00e1 dise\u00f1ado para ser f\u00e1cil de llevar, mover y colocar en cualquier sitio. Puede acoplarse a un tr\u00edpode para mayor comodidad a la hora de trabajar, o colgarlo por su asa. \u00datil para iluminar grandes estancias sin necesidad de depender de inc\u00f3modos cables.<\/p>\n","protected":false},"featured_media":1564,"template":"","meta":[],"_links":{"self":[{"href":"https:\/\/pekatherm.es\/index.php?rest_route=\/wp\/v2\/product\/481"}],"collection":[{"href":"https:\/\/pekatherm.es\/index.php?rest_route=\/wp\/v2\/product"}],"about":[{"href":"https:\/\/pekatherm.es\/index.php?rest_route=\/wp\/v2\/types\/product"}],"wp:featuredmedia":[{"embeddable":true,"href":"https:\/\/pekatherm.es\/index.php?rest_route=\/wp\/v2\/media\/1564"}],"wp:attachment":[{"href":"https:\/\/pekatherm.es\/index.php?rest_route=%2Fwp%2Fv2%2Fmedia&parent=481"}],"curies":[{"name":"wp","href":"https:\/\/api.w.org\/{rel}","templated":true}]}}