{"id":486,"date":"2019-09-04T11:00:23","date_gmt":"2019-09-04T09:00:23","guid":{"rendered":"https:\/\/pekatherm.es\/?post_type=product&#038;p=486"},"modified":"2022-10-19T14:37:28","modified_gmt":"2022-10-19T12:37:28","slug":"w019","status":"publish","type":"product","link":"https:\/\/pekatherm.es\/?product=w019","title":{"rendered":"W032 &#8211; Rechargeable LED worklight with dual supply"},"content":{"rendered":"<p>10W COB LED<br \/>\n500lm<br \/>\nDual supply: 3.7V 4000mAh (2&#215;18650) Lithium batteries (included), 4xAA Alkaline batteries (not included)<br \/>\n3 lighting modes: 100%-50%-blinking<br \/>\nWorking time: 4h 30min\/9h)<br \/>\nCharging time: 8h<\/p>\n<p>Micro USB charging input (5VDC 1A)<br \/>\nUSB power bank output (5VDC 1A)<\/p>\n<p>Swivel handle and stand<br \/>\nUSB cable<br \/>\nIP44<br \/>\n172x132x43mm, 303gr<br \/>\nNylon + TPR<\/p>\n","protected":false},"excerpt":{"rendered":"<p>EAN 8436531914011<\/p>\n<p>Luz especial de trabajo de 10W COB hecha de pl\u00e1stico ABS de alta calidad, que no solo es duradero sino tambi\u00e9n resistente. Recargable a trav\u00e9s de un puerto USB de 5V.<br \/>\nIdeal para trabajos en exterior por su impermeabilidad y resistencia al agua. Ha sido dise\u00f1ada con un asa plegable y ajustable, f\u00e1cil de transportar y usar.<\/p>\n<p>Puede servir tambi\u00e9n como Power Bank o bater\u00eda de emergencia para la carga de cualquier m\u00f3vil y celular.<\/p>\n<p>&nbsp;<\/p>\n<p>Podr\u00e1s elegir entre tres tipos de luz, alta potencia 100%, media potencia 50% e intermitencia roja de emergencia.<\/p>\n<p>&nbsp;<\/p>\n","protected":false},"featured_media":1763,"template":"","meta":[],"_links":{"self":[{"href":"https:\/\/pekatherm.es\/index.php?rest_route=\/wp\/v2\/product\/486"}],"collection":[{"href":"https:\/\/pekatherm.es\/index.php?rest_route=\/wp\/v2\/product"}],"about":[{"href":"https:\/\/pekatherm.es\/index.php?rest_route=\/wp\/v2\/types\/product"}],"wp:featuredmedia":[{"embeddable":true,"href":"https:\/\/pekatherm.es\/index.php?rest_route=\/wp\/v2\/media\/1763"}],"wp:attachment":[{"href":"https:\/\/pekatherm.es\/index.php?rest_route=%2Fwp%2Fv2%2Fmedia&parent=486"}],"curies":[{"name":"wp","href":"https:\/\/api.w.org\/{rel}","templated":true}]}}