{"id":511,"date":"2019-09-05T09:53:31","date_gmt":"2019-09-05T07:53:31","guid":{"rendered":"https:\/\/pekatherm.es\/?post_type=product&#038;p=511"},"modified":"2022-10-19T14:19:07","modified_gmt":"2022-10-19T12:19:07","slug":"x1","status":"publish","type":"product","link":"https:\/\/pekatherm.es\/?product=x1","title":{"rendered":"W010 &#8211; Rechargeable LED penlight with dual light source"},"content":{"rendered":"<p>5W COB, 0.5W LED<br \/>\n280lm (COB), 30lm (LED)<br \/>\n3.7V 600mAh rechargeable Lithium battery<br \/>\n4 lighting modes: COB 100% &#8211; COB 50% &#8211; COB blinking &#8211; LED<br \/>\nWorking time: 4h\/6h<\/p>\n<p>Charging time: 1.5h<\/p>\n<p>Micro USB charging input (5VDC 1A) \u2022<br \/>\nSwivel arm \u2022 Pocket clip \u2022 Magnet \u2022 Hook \u2022 USB cable<br \/>\n260x37x19mm (open), 185x37x19mm (folded)<br \/>\nIP44<br \/>\nABS rubber coating<\/p>\n","protected":false},"excerpt":{"rendered":"<p>EAN 8436531914059<\/p>\n<p>Linterna de peque\u00f1o tama\u00f1o, compacta y ligera, muy f\u00e1cil de llevar, est\u00e1 fabricada con un revestimiento de goma ultrarresistente.<\/p>\n<p>Dise\u00f1ada para ser plegable tiene un giro de 180\u00ba de su luz principal. La parte inferior de la linterna de trabajo LED tiene un fuerte im\u00e1n que pueden sostenerla en cualquier superficie de metal.<\/p>\n<p><img loading=\"lazy\" class=\"alignnone size-medium wp-image-517\" src=\"https:\/\/pekatherm.es\/wp-content\/uploads\/2019\/09\/X1-iman-300x150.jpg\" alt=\"\" width=\"300\" height=\"150\" srcset=\"https:\/\/pekatherm.es\/wp-content\/uploads\/2019\/09\/X1-iman-300x150.jpg 300w, https:\/\/pekatherm.es\/wp-content\/uploads\/2019\/09\/X1-iman-768x384.jpg 768w, https:\/\/pekatherm.es\/wp-content\/uploads\/2019\/09\/X1-iman-1024x512.jpg 1024w, https:\/\/pekatherm.es\/wp-content\/uploads\/2019\/09\/X1-iman-260x130.jpg 260w, https:\/\/pekatherm.es\/wp-content\/uploads\/2019\/09\/X1-iman-50x25.jpg 50w, https:\/\/pekatherm.es\/wp-content\/uploads\/2019\/09\/X1-iman-150x75.jpg 150w, https:\/\/pekatherm.es\/wp-content\/uploads\/2019\/09\/X1-iman-600x300.jpg 600w\" sizes=\"(max-width: 300px) 100vw, 300px\" \/><\/p>\n<p>Tiene cuatro tipos de luz, una modo linterna (flashlight) y tres en modo foco (bodylight), potencia 100%, potencia 50% e intermitente.<\/p>\n<p><img loading=\"lazy\" class=\"alignnone size-medium wp-image-516\" src=\"https:\/\/pekatherm.es\/wp-content\/uploads\/2019\/09\/X1-tipo-luces-300x150.jpg\" alt=\"\" width=\"300\" height=\"150\" srcset=\"https:\/\/pekatherm.es\/wp-content\/uploads\/2019\/09\/X1-tipo-luces-300x150.jpg 300w, https:\/\/pekatherm.es\/wp-content\/uploads\/2019\/09\/X1-tipo-luces-768x384.jpg 768w, https:\/\/pekatherm.es\/wp-content\/uploads\/2019\/09\/X1-tipo-luces-1024x512.jpg 1024w, https:\/\/pekatherm.es\/wp-content\/uploads\/2019\/09\/X1-tipo-luces-260x130.jpg 260w, https:\/\/pekatherm.es\/wp-content\/uploads\/2019\/09\/X1-tipo-luces-50x25.jpg 50w, https:\/\/pekatherm.es\/wp-content\/uploads\/2019\/09\/X1-tipo-luces-150x75.jpg 150w, https:\/\/pekatherm.es\/wp-content\/uploads\/2019\/09\/X1-tipo-luces-600x300.jpg 600w\" sizes=\"(max-width: 300px) 100vw, 300px\" \/><\/p>\n<p>Autonom\u00eda de 4 horas de trabajo a trav\u00e9s de su bater\u00eda de litio recargable a trav\u00e9s de su puesto Micro USB escondido en su base.<\/p>\n<p><img loading=\"lazy\" class=\"alignnone size-medium wp-image-518\" src=\"https:\/\/pekatherm.es\/wp-content\/uploads\/2019\/09\/X1-MicroUSB-300x150.jpg\" alt=\"\" width=\"300\" height=\"150\" srcset=\"https:\/\/pekatherm.es\/wp-content\/uploads\/2019\/09\/X1-MicroUSB-300x150.jpg 300w, https:\/\/pekatherm.es\/wp-content\/uploads\/2019\/09\/X1-MicroUSB-768x384.jpg 768w, https:\/\/pekatherm.es\/wp-content\/uploads\/2019\/09\/X1-MicroUSB-1024x512.jpg 1024w, https:\/\/pekatherm.es\/wp-content\/uploads\/2019\/09\/X1-MicroUSB-260x130.jpg 260w, https:\/\/pekatherm.es\/wp-content\/uploads\/2019\/09\/X1-MicroUSB-50x25.jpg 50w, https:\/\/pekatherm.es\/wp-content\/uploads\/2019\/09\/X1-MicroUSB-150x75.jpg 150w, https:\/\/pekatherm.es\/wp-content\/uploads\/2019\/09\/X1-MicroUSB-600x300.jpg 600w\" sizes=\"(max-width: 300px) 100vw, 300px\" \/><\/p>\n","protected":false},"featured_media":1655,"template":"","meta":[],"_links":{"self":[{"href":"https:\/\/pekatherm.es\/index.php?rest_route=\/wp\/v2\/product\/511"}],"collection":[{"href":"https:\/\/pekatherm.es\/index.php?rest_route=\/wp\/v2\/product"}],"about":[{"href":"https:\/\/pekatherm.es\/index.php?rest_route=\/wp\/v2\/types\/product"}],"wp:featuredmedia":[{"embeddable":true,"href":"https:\/\/pekatherm.es\/index.php?rest_route=\/wp\/v2\/media\/1655"}],"wp:attachment":[{"href":"https:\/\/pekatherm.es\/index.php?rest_route=%2Fwp%2Fv2%2Fmedia&parent=511"}],"curies":[{"name":"wp","href":"https:\/\/api.w.org\/{rel}","templated":true}]}}