{"id":854,"date":"2019-09-06T10:31:28","date_gmt":"2019-09-06T08:31:28","guid":{"rendered":"https:\/\/pekatherm.es\/?product=x5"},"modified":"2023-02-14T09:42:19","modified_gmt":"2023-02-14T08:42:19","slug":"x5","status":"publish","type":"product","link":"https:\/\/pekatherm.es\/?product=x5&lang=fr","title":{"rendered":"HL1000 &#8211; Lampe frontale LED multifonctionnelle rechargeable 10W"},"content":{"rendered":"<p>Lampe frontale LED multifonctionnelle rechargeable<\/p>\n<p>\u2022 LED haute puisance Osram P9 10W<\/p>\n<p>\u20221000lm \u2022 4 modes d&#8217;\u00e9clairage: 100% (mode TURBO) &#8211; 40% &#8211; 10% &#8211; clignotant<\/p>\n<p>\u2022 Batterie au Lithium rechargeable 3.7V 2200mAh<\/p>\n<p>\u2022 Autonomie: 5\/10h \u2022 C\u00e2ble de<br \/>\nrechargement USB magn\u00e9tique \u2022 Temps de charge: 7.5h<\/p>\n<p>\u2022 Bandeau \u00e9lastique r\u00e9glable<\/p>\n<p>\u2022 La lampe peut \u00eatre retir\u00e9e de l&#8217;\u00e9lastique, pour une vari\u00e9t\u00e9 d&#8217;utilisations \u2022 Aimant<br \/>\n\u2022 Clip de poche amovible \u2022 IP54 \u2022 Aluminium<\/p>\n<p>&nbsp;<\/p>\n","protected":false},"excerpt":{"rendered":"<p>EAN 8436531914066<\/p>\n<p>Lampe frontale LED multifonctionnelle rechargeable \u2022 LED haute puisance Osram P9 10W \u2022<br \/>\n1000lm \u2022 4 modes d&#8217;\u00e9clairage: 100% (mode TURBO) &#8211; 40% &#8211; 10% &#8211; clignotant \u2022 Batterie au Lithium rechargeable 3.7V 2200mAh \u2022 Autonomie: 5\/10h \u2022 C\u00e2ble de<br \/>\nrechargement USB magn\u00e9tique \u2022 Temps de charge: 7.5h \u2022 Bandeau \u00e9lastique r\u00e9glable \u2022 La lampe peut \u00eatre retir\u00e9e de l&#8217;\u00e9lastique, pour une vari\u00e9t\u00e9 d&#8217;utilisations \u2022 Aimant<br \/>\n\u2022 Clip de poche amovible \u2022 IP54 \u2022 Aluminium<\/p>\n","protected":false},"featured_media":1916,"template":"","meta":[],"_links":{"self":[{"href":"https:\/\/pekatherm.es\/index.php?rest_route=\/wp\/v2\/product\/854"}],"collection":[{"href":"https:\/\/pekatherm.es\/index.php?rest_route=\/wp\/v2\/product"}],"about":[{"href":"https:\/\/pekatherm.es\/index.php?rest_route=\/wp\/v2\/types\/product"}],"wp:featuredmedia":[{"embeddable":true,"href":"https:\/\/pekatherm.es\/index.php?rest_route=\/wp\/v2\/media\/1916"}],"wp:attachment":[{"href":"https:\/\/pekatherm.es\/index.php?rest_route=%2Fwp%2Fv2%2Fmedia&parent=854"}],"curies":[{"name":"wp","href":"https:\/\/api.w.org\/{rel}","templated":true}]}}