{"id":87,"date":"2013-06-07T11:34:14","date_gmt":"2013-06-07T11:34:14","guid":{"rendered":"http:\/\/demo.woothemes.com\/woocommerce\/?post_type=product&#038;p=87"},"modified":"2019-08-27T10:50:31","modified_gmt":"2019-08-27T08:50:31","slug":"u20t","status":"publish","type":"product","link":"https:\/\/pekatherm.es\/?product=u20t","title":{"rendered":"U20T &#8211; Almohadilla universal tama\u00f1o peque\u00f1o Algod\u00f3n"},"content":{"rendered":"<p>Almohadilla t\u00e9rmica universal para su aplicaci\u00f3n en cualquier zona corporal.<\/p>\n<ul>\n<li>4 Niveles de Temperatura<\/li>\n<li>40x30cm<\/li>\n<li>100% algod\u00f3n<\/li>\n<li>110W<\/li>\n<li>Mando de control separable<\/li>\n<li>Lavable a mano y a m\u00e1quina<\/li>\n<li>Calentamiento en solo 15 segundos<\/li>\n<li>AutoStop a las 2 horas<\/li>\n<\/ul>\n","protected":false},"excerpt":{"rendered":"<p>EAN 8436531910204<\/p>\n<p>Almohadilla t\u00e9rmica peque\u00f1a para su f\u00e1cil aplicaci\u00f3n en cualquier parte del cuerpo. Ha sido fabricada con algod\u00f3n 100% y gracias a su regulador separable podr\u00e1s lavarla a m\u00e1quina f\u00e1cilmente. Incluye una funda para protegerla mejor.<\/p>\n<p>Desde tiempos inmemoriales, el uso del calor como agente terap\u00e9utico ha sido utilizado con la aplicaci\u00f3n de pa\u00f1os calientes, ceras o aceites, pero ahora todo ha cambiado, la alta tecnolog\u00eda se ha puesto al servicio de tu salud a trav\u00e9s de nuestras almohadillas t\u00e9rmicas<\/p>\n<p>Nuestra gama de almohadillas el\u00e9ctricas ha sido dise\u00f1ada para que puedas aliviar tus tensiones musculares, tus dolencias y que, de esa forma, puedas recuperar tus fuerzas y tu tiempo haciendo lo que mas te guste y disfrutes. Dise\u00f1amos para que te relajes, para que mejores tu salud y tu belleza. Pekatherm quiere que te cuides, que mejores tu calidad de vida y disfrutes de todos los beneficios que te puede ofrecer el calor.<\/p>\n","protected":false},"featured_media":287,"template":"","meta":[],"_links":{"self":[{"href":"https:\/\/pekatherm.es\/index.php?rest_route=\/wp\/v2\/product\/87"}],"collection":[{"href":"https:\/\/pekatherm.es\/index.php?rest_route=\/wp\/v2\/product"}],"about":[{"href":"https:\/\/pekatherm.es\/index.php?rest_route=\/wp\/v2\/types\/product"}],"wp:featuredmedia":[{"embeddable":true,"href":"https:\/\/pekatherm.es\/index.php?rest_route=\/wp\/v2\/media\/287"}],"wp:attachment":[{"href":"https:\/\/pekatherm.es\/index.php?rest_route=%2Fwp%2Fv2%2Fmedia&parent=87"}],"curies":[{"name":"wp","href":"https:\/\/api.w.org\/{rel}","templated":true}]}}