{"id":907,"date":"2019-08-26T16:11:16","date_gmt":"2019-08-26T14:11:16","guid":{"rendered":"https:\/\/pekatherm.es\/?product=cp951"},"modified":"2019-08-26T16:11:16","modified_gmt":"2019-08-26T14:11:16","slug":"cp951","status":"publish","type":"product","link":"https:\/\/pekatherm.es\/?product=cp951&lang=fr","title":{"rendered":"CP951 &#8211; Pack comprenant deux batteries au lithium rechargeables \u00ab Smart \u00bb et un chargeur"},"content":{"rendered":"<div>\n<p>Pack comprenant deux batteries au lithium rechargeables \u00ab\u00a0Smart\u00a0\u00bb et un chargeur<\/p>\n<ul>\n<li><strong>Technologie<\/strong>\u00a0:\u00a0lithium<\/li>\n<li><strong>Tension nominale de sortie<\/strong>\u00a0:\u00a07.4V<\/li>\n<li><strong>Capacit\u00e9 <\/strong>:\u00a02\u00a0200\u00a0mAh<\/li>\n<li><strong>Puissance de sortie<\/strong>\u00a0:\u00a04 niveaux diff\u00e9rents (25-50-75-100\u00a0%) qui peuvent \u00eatre s\u00e9lectionn\u00e9s avec un bouton.<\/li>\n<li><strong>Puissance max. de sortie <\/strong>:\u00a015\u00a0W<\/li>\n<li><strong>Autonomie max. de fonctionnement <\/strong>:\u00a0Entre 9\u00a0h et 15\u00a0h en fonction du mod\u00e8le de gants utilis\u00e9 (batterie configurable au niveau inf\u00e9rieur de temp\u00e9rature).<\/li>\n<li><strong>Dimensions<\/strong>\u00a0:\u00a070\u00a0x\u00a050\u00a0x\u00a020\u00a0mm<\/li>\n<li><strong>Poids<\/strong>\u00a0:\u00a0112\u00a0g<\/li>\n<li><strong>\u00c9l\u00e9ments de conception<\/strong>\u00a0:<\/li>\n<\/ul>\n<p>\u2013 touche de mise en route\/arr\u00eat et de s\u00e9lection du niveau de temp\u00e9rature voulu (25-50-75-100\u00a0%)\u00a0;<\/p>\n<p>\u2013 LED multifonctions\u00a0: indicateur ON, niveau de temp\u00e9rature s\u00e9lectionn\u00e9, \u00e9tat de chargement de la batterie, et d\u00e9chargement complet de la batterie\u00a0;<\/p>\n<p>\u2013 signaux sonores d\u2019avertissement.<\/p>\n<ul>\n<li><strong>Composition du pack<\/strong>\u00a0: deux batteries au lithium rechargeables dot\u00e9es de la technologie \u00ab\u00a0Smart Battery\u00a0\u00bb et un chargeur \u00e0 sortie double pour charger les deux batteries en m\u00eame temps<\/li>\n<li><strong>Compatibilit\u00e9<\/strong>\u00a0:<\/li>\n<\/ul>\n<p>\u2013 sous-gants chauffants mod\u00e8le GU900 ;<\/p>\n<p>\u2013 gants chauffants mod\u00e8les GU91, GU920.<\/p>\n<p>&nbsp;<\/p>\n<\/div>\n","protected":false},"excerpt":{"rendered":"<p>EAN 8436531919511<\/p>\n<div align=\"left\">\n<p>Source d\u2019\u00e9nergie \u00e0 hautes prestations pour les gants et les sous-gants chauffants Pekatherm. La grande capacit\u00e9 des batteries permet d\u2019augmenter l\u2019autonomie de fonctionnement. Gr\u00e2ce \u00e0 la technologie \u00ab\u00a0Smart Battery\u00a0\u00bb, chaque batterie comprend une touche qui permet d\u2019ajuster la temp\u00e9rature int\u00e9rieure des gants selon quatre niveaux diff\u00e9rents. De plus, le chargeur incorpor\u00e9 permet de recharger rapidement les deux batteries en m\u00eame temps.<\/p>\n<p>CP951 a \u00e9t\u00e9 con\u00e7u pour fournir aux gants et aux sous-gants encore plus de prestations professionnelles en ce qui concerne la puissance, le r\u00e9chauffement rapide, la r\u00e9gulation de la temp\u00e9rature int\u00e9rieure, la temp\u00e9rature maximale, l\u2019autonomie de fonctionnement et le poids. En achetant et en utilisant ce pack, vous dotez vos gants et vos sous-gants de la possibilit\u00e9 de s\u00e9lectionner la temp\u00e9rature int\u00e9rieure selon 4 niveaux diff\u00e9rents, avec une temp\u00e9rature int\u00e9rieure bien sup\u00e9rieure et une autonomie de fonctionnement qui peut doubler.<\/p>\n<p>Pekatherm conseille l\u2019achat et l\u2019utilisation de l\u2019ensemble CP951 pour obtenir le meilleur r\u00e9sultat avec les gants et les sous-gants chauffants.<\/p>\n<p><strong>AVANTAGES DE L\u2019ENSEMBLE CP951 PAR RAPPORT AUX AUTRES TYPES DE BATTERIES<\/strong><\/p>\n<p>\u2013 plus grande capacit\u00e9 et plus l\u00e9ger\u00a0;<\/p>\n<p>\u2013 puissance de sortie \u00e9lev\u00e9e (ce qui permet un chauffage des gants plus rapide)\u00a0;<\/p>\n<p>\u2013 possibilit\u00e9 de r\u00e9gler le niveau de la temp\u00e9rature int\u00e9rieure des gants entre 4 niveaux diff\u00e9rents\u00a0;<\/p>\n<p>\u2013 tension de d\u00e9chargement constante (la temp\u00e9rature int\u00e9rieure des gants reste stable jusqu\u2019\u00e0 l\u2019\u00e9puisement des batteries)\u00a0;<\/p>\n<p>\u2013 possibilit\u00e9 de chargement rapide, en un temps bien inf\u00e9rieur \u00e0 celui des batteries conventionnelles\u00a0;<\/p>\n<p>\u2013 tension de d\u00e9chargement naturel faible (une fois charg\u00e9es, les batteries conservent leur charge sans pertes appr\u00e9ciables pendant plusieurs mois)\u00a0;<\/p>\n<p>\u2013 vieillissement et perte de capacit\u00e9 minimum due \u00e0 l\u2019utilisation.<\/p>\n<\/div>\n","protected":false},"featured_media":422,"template":"","meta":[],"_links":{"self":[{"href":"https:\/\/pekatherm.es\/index.php?rest_route=\/wp\/v2\/product\/907"}],"collection":[{"href":"https:\/\/pekatherm.es\/index.php?rest_route=\/wp\/v2\/product"}],"about":[{"href":"https:\/\/pekatherm.es\/index.php?rest_route=\/wp\/v2\/types\/product"}],"wp:featuredmedia":[{"embeddable":true,"href":"https:\/\/pekatherm.es\/index.php?rest_route=\/wp\/v2\/media\/422"}],"wp:attachment":[{"href":"https:\/\/pekatherm.es\/index.php?rest_route=%2Fwp%2Fv2%2Fmedia&parent=907"}],"curies":[{"name":"wp","href":"https:\/\/api.w.org\/{rel}","templated":true}]}}