{"id":911,"date":"2019-08-26T15:59:02","date_gmt":"2019-08-26T13:59:02","guid":{"rendered":"https:\/\/pekatherm.es\/?product=cp940"},"modified":"2019-08-26T15:59:02","modified_gmt":"2019-08-26T13:59:02","slug":"cp940","status":"publish","type":"product","link":"https:\/\/pekatherm.es\/?product=cp940&lang=fr","title":{"rendered":"CP940 &#8211; Pack comprenant deux batteries au lithium rechargeables et un chargeur"},"content":{"rendered":"<p>Pack de batteries au lithium et chargeur pour gants et sous-gants<\/p>\n<p><strong>Technologie<\/strong>\u00a0:\u00a0lithium<\/p>\n<p><strong>Tension nominale de sortie<\/strong>\u00a0:\u00a03,7 V<\/p>\n<p><strong>Capacit\u00e9<\/strong>\u00a0:\u00a02\u00a0200\u00a0mAh<\/p>\n<p><strong>Puissance max. de sortie<\/strong>\u00a0:\u00a08\u00a0W<\/p>\n<p><strong>Autonomie max. de fonctionnement<\/strong>\u00a0:\u00a0Entre 2\u00a0h\u00a030 et 8\u00a0h en fonction du type de gants utilis\u00e9.<\/p>\n<p><strong>Dimensions<\/strong>\u00a0:\u00a067\u00a0x\u00a030\u00a0x\u00a020\u00a0mm<\/p>\n<p><strong>Poids\u00a0:<\/strong>\u00a051\u00a0g<\/p>\n<p><strong>Compatibilit\u00e9\u00a0<\/strong>:<\/p>\n<p>Gants chauffants mod\u00e8les GU91, GU910<\/p>\n<p>Composition du pack\u00a0: Deux batteries au lithium rechargeables et un chargeur \u00e0 double sortie pour charger les deux batteries en m\u00eame temps<\/p>\n","protected":false},"excerpt":{"rendered":"<p>EAN 8436531919405<\/p>\n<p>CP940 a \u00e9t\u00e9 con\u00e7u pour que vos gants et sous-gants soient encore plus performants en ce qui concerne la r\u00e9gulation de la temp\u00e9rature int\u00e9rieure, l\u2019autonomie de fonctionnement et le poids. Gr\u00e2ce \u00e0 pack et sa grande capacit\u00e9, vos gants et sous-gants acqui\u00e8rent une autonomie de fonctionnement 2 fois plus longue.<\/p>\n<p>Pekatherm conseille l\u2019achat et l\u2019utilisation de l\u2019ensemble CP940 pour obtenir le meilleur r\u00e9sultat avec les gants et les sous-gants chauffants.<\/p>\n<p>Le chargeur incorpor\u00e9 permet de recharger rapidement les deux batteries en m\u00eame temps.<\/p>\n<p><strong>AVANTAGES DE L\u2019ENSEMBLE CP940 PAR RAPPORT AUX AUTRES TYPES DE BATTERIES<\/strong><\/p>\n<p>\u2013 Plus grande capacit\u00e9 et plus l\u00e9ger ;<\/p>\n<p>\u2013 Puissance de sortie \u00e9lev\u00e9e (ce qui permet un chauffage des gants plus rapide) ;<\/p>\n<p>\u2013 Tension de d\u00e9chargement constante (la temp\u00e9rature int\u00e9rieure des gants reste stable jusqu\u2019\u00e0 l\u2019\u00e9puisement des batteries) ;<\/p>\n<p>\u2013 Possibilit\u00e9 de chargement rapide, en un temps bien inf\u00e9rieur \u00e0 celui des batteries conventionnelles ;<\/p>\n<p>\u2013 Tension de d\u00e9chargement naturel faible (une fois charg\u00e9es, les batteries conservent leur charge sans pertes appr\u00e9ciables pendant plusieurs mois) ;<\/p>\n<p>\u2013 Vieillissement et perte de capacit\u00e9 minimum due \u00e0 l\u2019utilisation.<\/p>\n","protected":false},"featured_media":386,"template":"","meta":[],"_links":{"self":[{"href":"https:\/\/pekatherm.es\/index.php?rest_route=\/wp\/v2\/product\/911"}],"collection":[{"href":"https:\/\/pekatherm.es\/index.php?rest_route=\/wp\/v2\/product"}],"about":[{"href":"https:\/\/pekatherm.es\/index.php?rest_route=\/wp\/v2\/types\/product"}],"wp:featuredmedia":[{"embeddable":true,"href":"https:\/\/pekatherm.es\/index.php?rest_route=\/wp\/v2\/media\/386"}],"wp:attachment":[{"href":"https:\/\/pekatherm.es\/index.php?rest_route=%2Fwp%2Fv2%2Fmedia&parent=911"}],"curies":[{"name":"wp","href":"https:\/\/api.w.org\/{rel}","templated":true}]}}