{"id":934,"date":"2019-09-06T10:31:28","date_gmt":"2019-09-06T08:31:28","guid":{"rendered":"https:\/\/pekatherm.es\/?product=x5"},"modified":"2019-09-06T10:31:28","modified_gmt":"2019-09-06T08:31:28","slug":"x5","status":"publish","type":"product","link":"https:\/\/pekatherm.es\/?product=x5&lang=ru","title":{"rendered":"X5 &#8211; Lampe torche rechargeable LED en aluminium"},"content":{"rendered":"<p>Lampe torche rechargeable LED<br \/>\nLED OSRAM P8<br \/>\n500\u00a0lm<br \/>\nBatterie au lithium 3,7\u00a0V 700\u00a0mAh<br \/>\n3 modes d\u2019\u00e9clairage\u00a0: pleine puissance, faible puissance, clignotant<br \/>\nDur\u00e9e de fonctionnement\u00a0: 1\u00a0h\u00a030<br \/>\nTemps de chargement\u00a0: 3\u00a0h<br \/>\nPrise USB de chargement<br \/>\nT\u00eate pliable<br \/>\nClip de poche, crochet et aimant<br \/>\nC\u00e2ble USB<br \/>\nPetites dimensions\u00a0: 92\u00a0x\u00a015\u00a0mm<br \/>\nBoitier en aluminium<\/p>\n<p>&nbsp;<\/p>\n","protected":false},"excerpt":{"rendered":"<p>EAN<\/p>\n<p>Lampe en aluminium, taille lampe torche, t\u00eate tournante \u00e0 90\u00ba et trois modes d\u2019\u00e9clairage\u00a0: pleine puissance, moyenne puissance et clignotant.<\/p>\n<p><img loading=\"lazy\" class=\"alignnone size-medium wp-image-546\" src=\"https:\/\/pekatherm.es\/wp-content\/uploads\/2019\/09\/X5-Caracteristicas-300x150.jpg\" alt=\"\" width=\"300\" height=\"150\" \/><\/p>\n<p>Posee un clip para su f\u00e1cil sujeci\u00f3n y una base magn\u00e9tica para poder adherirse a superficies met\u00e1licas y facilitar la liberaci\u00f3n de las manos para poder trabajar c\u00f3modamente.<\/p>\n<p><img loading=\"lazy\" class=\"alignnone size-medium wp-image-547\" src=\"https:\/\/pekatherm.es\/wp-content\/uploads\/2019\/09\/X5-Magnet-300x110.jpg\" alt=\"\" width=\"300\" height=\"110\" \/><\/p>\n<p>Se recarga a trav\u00e9s de un puerto Micro USB situado en el lateral.<\/p>\n<p><img loading=\"lazy\" class=\"alignnone size-medium wp-image-548\" src=\"https:\/\/pekatherm.es\/wp-content\/uploads\/2019\/09\/X5-USB-300x150.jpg\" alt=\"\" width=\"300\" height=\"150\" \/><\/p>\n","protected":false},"featured_media":1916,"template":"","meta":[],"_links":{"self":[{"href":"https:\/\/pekatherm.es\/index.php?rest_route=\/wp\/v2\/product\/934"}],"collection":[{"href":"https:\/\/pekatherm.es\/index.php?rest_route=\/wp\/v2\/product"}],"about":[{"href":"https:\/\/pekatherm.es\/index.php?rest_route=\/wp\/v2\/types\/product"}],"wp:featuredmedia":[{"embeddable":true,"href":"https:\/\/pekatherm.es\/index.php?rest_route=\/wp\/v2\/media\/1916"}],"wp:attachment":[{"href":"https:\/\/pekatherm.es\/index.php?rest_route=%2Fwp%2Fv2%2Fmedia&parent=934"}],"curies":[{"name":"wp","href":"https:\/\/api.w.org\/{rel}","templated":true}]}}