{"id":961,"date":"2019-08-26T12:16:34","date_gmt":"2019-08-26T10:16:34","guid":{"rendered":"https:\/\/pekatherm.es\/?product=gu910"},"modified":"2019-08-26T12:16:34","modified_gmt":"2019-08-26T10:16:34","slug":"gu910","status":"publish","type":"product","link":"https:\/\/pekatherm.es\/?product=gu910&lang=fr","title":{"rendered":"GU910 &#8211; Gants chauffants aliment\u00e9s par batteries au lithium"},"content":{"rendered":"<p>Gants chauffants aliment\u00e9s par batteries au lithium.<\/p>\n<p>Tailles\u00a0: S\/M\/L\/XL<\/p>\n<p>Composition\u00a0:\u00a0100\u00a0% polyester<\/p>\n<p>Structure textile\u00a0:\u00a05 couches, y compris une membrane int\u00e9rieure imperm\u00e9able et une membrane d\u2019isolation thermique.<\/p>\n<p>Puissance maximale\u00a0:\u00a04,5\u00a0W<\/p>\n<p>Compris dans le pack\u00a0: Batteries sp\u00e9ciales au lithium rechargeables r\u00e9f. CP940 et chargeur<\/p>\n<p>Syst\u00e8me \u00e9lectronique de chauffage rapide (chaleur en seulement 15 secondes)<\/p>\n<p>Autonomie de fonctionnement\u00a0:\u00a02,5\u00a0h<\/p>\n<p>Temp\u00e9rature maximale int\u00e9rieure d\u2019environ\u00a0: 55\u00ba\u00a0C<\/p>\n<p>Zones chauff\u00e9es\u00a0:\u00a0le dos de la main et les doigts<\/p>\n<p>\u00c9l\u00e9ments de conception\u00a0:<\/p>\n<p>\u2013 Bandes r\u00e9fl\u00e9chissantes au dos de la main pour une meilleure visibilit\u00e9 nocturne\u00a0;<\/p>\n<p>\u2013 Bande \u00e9lastique au poignet pour un meilleur maintien\u00a0;<\/p>\n<p>\u2013 Syst\u00e8me de fermeture aux avant-bras\u00a0;<\/p>\n<p>\u2013 Tissu renforc\u00e9 dans la paume de la main et aux doigts pour une plus grande r\u00e9sistance\u00a0;<\/p>\n<p>\u2013 Poche sp\u00e9ciale pour int\u00e9grer la batterie dans le gant pour un acc\u00e8s facile\u00a0;<\/p>\n<p>\u2013 Syst\u00e8me de fixation par clip pour accrocher les gants ensemble quand ils ne sont pas utilis\u00e9s.<\/p>\n<p>Caract\u00e9ristiques techniques des batteries\u00a0:<\/p>\n<p>\u2013 Technologie\u00a0: lithium<\/p>\n<p>\u2013 Tension nominale de sortie\u00a0: 3,7 V<\/p>\n<p><strong>\u2013 <\/strong>Capacit\u00e9\u00a0: 2\u00a0200\u00a0mAh<\/p>\n<p>\u2013 Dimensions\u00a0: 67\u00a0x\u00a030\u00a0x\u00a020\u00a0mm<\/p>\n<p>\u2013\u00a0Poids\u00a0: 51\u00a0g<\/p>\n<p>Caract\u00e9ristiques techniques du chargeur\u00a0:<\/p>\n<p>\u2013 Type\u00a0: adaptateur pour prise murale avec double sortie pour recharger 2 batteries en m\u00eame temps<\/p>\n<p>\u2013 Caract\u00e9ristique d\u2019entr\u00e9e\u00a0: entr\u00e9e universelle 100 &#8211; 240 V CA, 50\/60\u00a0Hz, 0,5 A<\/p>\n<p>\u2013 Caract\u00e9ristique de sortie\u00a0: 4,2\u00a0V CC, 1,5\u00a0A<\/p>\n<p>\u2013 Temps de charge, environ\u00a0: 5\u00a0h (chargement simultan\u00e9 de deux batteries 3,7\u00a0V 2\u00a0200\u00a0Ah, compl\u00e8tement d\u00e9charg\u00e9es)<\/p>\n<p>\u2013 Dimensions\u00a0: 71 x 30 x 80\u00a0mm<\/p>\n<p>\u2013\u00a0Poids\u00a0: 111\u00a0gr<\/p>\n<p>\u2013 Double sortie de connexion pour recharger 2 batteries en m\u00eame temps.<\/p>\n<p>\u2013 LED bicolore rouge\/verte pour indiquer le chargement\/chargement termin\u00e9<\/p>\n<p><img loading=\"lazy\" class=\"alignnone wp-image-384\" src=\"https:\/\/pekatherm.es\/wp-content\/uploads\/2019\/08\/GU910-300x168.jpg\" alt=\"\" width=\"398\" height=\"223\" srcset=\"https:\/\/pekatherm.es\/wp-content\/uploads\/2019\/08\/GU910-300x168.jpg 300w, https:\/\/pekatherm.es\/wp-content\/uploads\/2019\/08\/GU910-768x430.jpg 768w, https:\/\/pekatherm.es\/wp-content\/uploads\/2019\/08\/GU910-1024x574.jpg 1024w, https:\/\/pekatherm.es\/wp-content\/uploads\/2019\/08\/GU910-260x146.jpg 260w, https:\/\/pekatherm.es\/wp-content\/uploads\/2019\/08\/GU910-50x28.jpg 50w, https:\/\/pekatherm.es\/wp-content\/uploads\/2019\/08\/GU910-134x75.jpg 134w, https:\/\/pekatherm.es\/wp-content\/uploads\/2019\/08\/GU910-600x336.jpg 600w, https:\/\/pekatherm.es\/wp-content\/uploads\/2019\/08\/GU910.jpg 1312w\" sizes=\"(max-width: 398px) 100vw, 398px\" \/><\/p>\n<p>&nbsp;<\/p>\n<p>&nbsp;<\/p>\n","protected":false},"excerpt":{"rendered":"<p>EAN 8436531919122 (Taille S)<\/p>\n<p>EAN 8436531919146 (Taille M)<\/p>\n<p>EAN 8436531919160 (Taille L)<\/p>\n<p>EAN 8436531919184 (Taille XL)<\/p>\n<div>\n<div>\n<p>Gants classiques con\u00e7us pour les activit\u00e9s \u00e0 l\u2019air libre par temps froid, neige, pluie et vent, pour lesquelles il est n\u00e9cessaire d\u2019avoir une bonne mobilit\u00e9 des doigts. Imperm\u00e9ables, transpirants, confortables et \u00e9l\u00e9gants. Parfaits pour l\u2019\u00e9quitation, la chasse et la p\u00eache, le ski, les sorties en moto, etc. Con\u00e7us sp\u00e9cialement pour offrir une plus grande polyvalence, ils sont parfaits pour les conditions de froid mod\u00e9r\u00e9 comme pour le froid extr\u00eame. Batteries sp\u00e9ciales au lithium CP940 comprises de s\u00e9rie.<\/p>\n<p>Fabriqu\u00e9s en tissu multicouche, les mat\u00e9riaux de chaque couche ont \u00e9t\u00e9 choisis soigneusement pour donner au produit les propri\u00e9t\u00e9s n\u00e9cessaires pour r\u00e9sister \u00e0 l\u2019eau, une bonne isolation thermique, tout en maintenant une flexibilit\u00e9 parfaite, un grand confort, une bonne facilit\u00e9 d\u2019utilisation et une bonne r\u00e9sistance. Ils comprennent une membrane imperm\u00e9able et transpirante, et une membrane d\u2019isolation thermique.<\/p>\n<\/div>\n<div><\/div>\n<\/div>\n<div>\n<div>\n<p>Cette vari\u00e9t\u00e9 de gants chauffants a \u00e9t\u00e9 con\u00e7ue pour offrir une grande versatilit\u00e9. Ainsi, ils ont \u00e9t\u00e9 con\u00e7us aussi bien pour un usage quotidien en ville dans des conditions de froid mod\u00e9r\u00e9, que pour des conditions plus dures avec des temp\u00e9ratures extr\u00eames. Pour cela, la conception int\u00e9rieure multicouche a \u00e9t\u00e9 \u00e9labor\u00e9e avec des mat\u00e9riaux sp\u00e9cifiques s\u00e9lectionn\u00e9s soigneusement pour donner au produit les propri\u00e9t\u00e9s n\u00e9cessaires en mati\u00e8re d\u2019imperm\u00e9abilit\u00e9 \u00e0 l\u2019eau et d\u2019isolation thermique, tout en assurant une bonne flexibilit\u00e9, le confort, la facilit\u00e9 d\u2019utilisation et la durabilit\u00e9.<\/p>\n<\/div>\n<div><\/div>\n<\/div>\n","protected":false},"featured_media":382,"template":"","meta":[],"_links":{"self":[{"href":"https:\/\/pekatherm.es\/index.php?rest_route=\/wp\/v2\/product\/961"}],"collection":[{"href":"https:\/\/pekatherm.es\/index.php?rest_route=\/wp\/v2\/product"}],"about":[{"href":"https:\/\/pekatherm.es\/index.php?rest_route=\/wp\/v2\/types\/product"}],"wp:featuredmedia":[{"embeddable":true,"href":"https:\/\/pekatherm.es\/index.php?rest_route=\/wp\/v2\/media\/382"}],"wp:attachment":[{"href":"https:\/\/pekatherm.es\/index.php?rest_route=%2Fwp%2Fv2%2Fmedia&parent=961"}],"curies":[{"name":"wp","href":"https:\/\/api.w.org\/{rel}","templated":true}]}}