{"id":964,"date":"2019-08-26T11:34:39","date_gmt":"2019-08-26T09:34:39","guid":{"rendered":"https:\/\/pekatherm.es\/?product=gu91"},"modified":"2019-08-26T11:34:39","modified_gmt":"2019-08-26T09:34:39","slug":"gu91","status":"publish","type":"product","link":"https:\/\/pekatherm.es\/?product=gu91&lang=fr","title":{"rendered":"GU91 &#8211; Gants chauffants aliment\u00e9s par piles"},"content":{"rendered":"<p>Gants chauffants ECO aliment\u00e9s par piles.<\/p>\n<p>Tailles\u00a0: S\/M\/L\/XL<\/p>\n<p>Composition\u00a0:\u00a0100\u00a0% polyester<\/p>\n<p>Structure textile\u00a0:\u00a05 couches, y compris une membrane int\u00e9rieure imperm\u00e9able et une membrane d\u2019isolation thermique.<\/p>\n<p>Puissance maximale\u00a0:\u00a03,5\u00a0W<\/p>\n<p>Inclus\u00a0: deux supports pour piles 3xAA. Piles non comprises.<\/p>\n<p>Syst\u00e8me \u00e9lectronique de chauffage rapide (chaleur en seulement 15 secondes)<\/p>\n<p>Autonomie de fonctionnement\u00a0:\u00a04\u00a0h avec des piles normales AA, 8\u00a0h avec des batteries CP940, jusqu\u2019\u00e0 30\u00a0h avec des batteries CP951<\/p>\n<p>Temp\u00e9rature maximale int\u00e9rieure d\u2019environ\u00a0: 45\u00ba\u00a0C avec des piles normales AA, 50\u00ba\u00a0C avec des batteries CP940, jusqu\u2019\u00e0 85\u00ba\u00a0C avec des batteries CP951<\/p>\n<p>Zones chauff\u00e9es\u00a0:\u00a0paume de la main<\/p>\n<p>Options d\u2019alimentation\u00a0:<\/p>\n<p>&#8211; 3 piles AA alcalines ou 3 piles AA rechargeables au nickel pour gants (deux supports pour pile 3\u00a0x AA inclus, piles non comprises)<\/p>\n<p>&#8211; Pour augmenter l\u2019autonomie de fonctionnement, il est conseill\u00e9 d\u2019utiliser des batteries sp\u00e9ciales au lithium rechargeables r\u00e9f. CP940 (non comprises, produit en vente en option)<\/p>\n<p>&#8211; Pour am\u00e9liorer les prestations globales (puissance de chauffage et autonomie de fonctionnement), il est conseill\u00e9 d\u2019utiliser des batteries sp\u00e9ciales au lithium rechargeables r\u00e9f. CP951 (non comprises, produit en vente en option)<\/p>\n<p><img loading=\"lazy\" class=\"alignnone wp-image-377\" src=\"https:\/\/pekatherm.es\/wp-content\/uploads\/2019\/08\/GU91-300x218.jpg\" alt=\"\" width=\"398\" height=\"289\" srcset=\"https:\/\/pekatherm.es\/wp-content\/uploads\/2019\/08\/GU91-300x218.jpg 300w, https:\/\/pekatherm.es\/wp-content\/uploads\/2019\/08\/GU91-768x559.jpg 768w, https:\/\/pekatherm.es\/wp-content\/uploads\/2019\/08\/GU91-1024x745.jpg 1024w, https:\/\/pekatherm.es\/wp-content\/uploads\/2019\/08\/GU91-201x146.jpg 201w, https:\/\/pekatherm.es\/wp-content\/uploads\/2019\/08\/GU91-50x36.jpg 50w, https:\/\/pekatherm.es\/wp-content\/uploads\/2019\/08\/GU91-103x75.jpg 103w, https:\/\/pekatherm.es\/wp-content\/uploads\/2019\/08\/GU91-600x437.jpg 600w, https:\/\/pekatherm.es\/wp-content\/uploads\/2019\/08\/GU91.jpg 1047w\" sizes=\"(max-width: 398px) 100vw, 398px\" \/><\/p>\n<p>&nbsp;<\/p>\n<p>&nbsp;<\/p>\n","protected":false},"excerpt":{"rendered":"<p>EAN 8436531910921 (Taille S)<\/p>\n<p>EAN 8436531910945 (Taille M)<\/p>\n<p>EAN 8436531910969 (Taille L)<\/p>\n<p>EAN 8436531910983 (Taille XL)<\/p>\n<div>\n<p>Gants classiques con\u00e7us pour les activit\u00e9s \u00e0 l\u2019air libre par temps froid, neige, pluie et vent, pour lesquelles il est n\u00e9cessaire d\u2019avoir une bonne mobilit\u00e9 des doigts. Imperm\u00e9ables, confortables et \u00e9l\u00e9gants.<\/p>\n<p>Parfaits pour l\u2019\u00e9quitation, la chasse et la p\u00eache, le ski, les sorties en moto, etc. Fabriqu\u00e9s en tissu multicouche. Les mat\u00e9riaux de chaque couche ont \u00e9t\u00e9 choisis soigneusement pour donner au produit les propri\u00e9t\u00e9s n\u00e9cessaires pour r\u00e9sister \u00e0 l\u2019eau, une bonne isolation thermique, tout en maintenant une flexibilit\u00e9 parfaite, un grand confort, une bonne facilit\u00e9 d\u2019utilisation et une bonne r\u00e9sistance. Ils comprennent une membrane imperm\u00e9able et une membrane d\u2019isolation thermique.<\/p>\n<p>Cette vari\u00e9t\u00e9 de gants chauffants a \u00e9t\u00e9 con\u00e7ue pour offrir une grande versatilit\u00e9. Ainsi, ils ont \u00e9t\u00e9 con\u00e7us aussi bien pour un usage quotidien en ville dans des conditions de froid mod\u00e9r\u00e9, que pour des conditions plus dures avec des temp\u00e9ratures extr\u00eames. Pour cela, la conception int\u00e9rieure multicouche a \u00e9t\u00e9 \u00e9labor\u00e9e avec des mat\u00e9riaux sp\u00e9cifiques s\u00e9lectionn\u00e9s soigneusement pour donner au produit les propri\u00e9t\u00e9s n\u00e9cessaires en mati\u00e8re d\u2019imperm\u00e9abilit\u00e9 \u00e0 l\u2019eau et d\u2019isolation thermique, tout en assurant une bonne flexibilit\u00e9, le confort, la facilit\u00e9 d\u2019utilisation et la durabilit\u00e9.<\/p>\n<p><strong>Les prestations des gants chauffants d\u00e9pendent fortement du type et de la qualit\u00e9 des batteries utilis\u00e9es.<\/strong><\/p>\n<\/div>\n","protected":false},"featured_media":378,"template":"","meta":[],"_links":{"self":[{"href":"https:\/\/pekatherm.es\/index.php?rest_route=\/wp\/v2\/product\/964"}],"collection":[{"href":"https:\/\/pekatherm.es\/index.php?rest_route=\/wp\/v2\/product"}],"about":[{"href":"https:\/\/pekatherm.es\/index.php?rest_route=\/wp\/v2\/types\/product"}],"wp:featuredmedia":[{"embeddable":true,"href":"https:\/\/pekatherm.es\/index.php?rest_route=\/wp\/v2\/media\/378"}],"wp:attachment":[{"href":"https:\/\/pekatherm.es\/index.php?rest_route=%2Fwp%2Fv2%2Fmedia&parent=964"}],"curies":[{"name":"wp","href":"https:\/\/api.w.org\/{rel}","templated":true}]}}