{"id":967,"date":"2019-08-22T12:11:34","date_gmt":"2019-08-22T10:11:34","guid":{"rendered":"https:\/\/pekatherm.es\/?product=gu900"},"modified":"2019-08-22T12:11:34","modified_gmt":"2019-08-22T10:11:34","slug":"gu900","status":"publish","type":"product","link":"https:\/\/pekatherm.es\/?product=gu900&lang=fr","title":{"rendered":"GU900 &#8211; Sous-gants chauffants avec supports pour piles"},"content":{"rendered":"<p>Sous-gants chauffants aliment\u00e9s par piles.<\/p>\n<p>Tailles\u00a0: S\/M\/L<\/p>\n<p>Composition\u00a0:\u00a0\u00a0polyester, nylon, lycra<\/p>\n<p>Puissance maximale\u00a0:\u00a04,5\u00a0W<\/p>\n<p>Inclus\u00a0: deux logements pour piles 3xAA et deux cordons prolongateurs. Piles non comprises.<\/p>\n<p>Syst\u00e8me \u00e9lectronique de chauffage rapide (chaleur en seulement 15 secondes)<\/p>\n<p>Autonomie de fonctionnement\u00a0:\u00a0jusqu\u2019\u00e0 6 heures avec des piles normales AA, jusqu\u2019\u00e0 15 heures avec des batteries au lithium CP951<\/p>\n<p>Temp\u00e9rature maximale int\u00e9rieure d\u2019environ\u00a0: 50\u00ba\u00a0C avec des piles AA, jusqu\u2019\u00e0 75\u00ba\u00a0C avec les batteries CP951<\/p>\n<p>Zones chauff\u00e9es\u00a0:\u00a0le dos de la main et les doigts<\/p>\n<p><img loading=\"lazy\" class=\"alignnone wp-image-374\" src=\"https:\/\/pekatherm.es\/wp-content\/uploads\/2019\/08\/Tabla-guantes-300x184.jpg\" alt=\"\" width=\"316\" height=\"194\" srcset=\"https:\/\/pekatherm.es\/wp-content\/uploads\/2019\/08\/Tabla-guantes-300x184.jpg 300w, https:\/\/pekatherm.es\/wp-content\/uploads\/2019\/08\/Tabla-guantes-768x470.jpg 768w, https:\/\/pekatherm.es\/wp-content\/uploads\/2019\/08\/Tabla-guantes-239x146.jpg 239w, https:\/\/pekatherm.es\/wp-content\/uploads\/2019\/08\/Tabla-guantes-50x31.jpg 50w, https:\/\/pekatherm.es\/wp-content\/uploads\/2019\/08\/Tabla-guantes-123x75.jpg 123w, https:\/\/pekatherm.es\/wp-content\/uploads\/2019\/08\/Tabla-guantes-600x367.jpg 600w, https:\/\/pekatherm.es\/wp-content\/uploads\/2019\/08\/Tabla-guantes.jpg 946w\" sizes=\"(max-width: 316px) 100vw, 316px\" \/><\/p>\n<p>&nbsp;<\/p>\n","protected":false},"excerpt":{"rendered":"<p>EAN 8436531919023 (Taille S)<\/p>\n<p>EAN 8436531919047 (Taille M)<\/p>\n<p>EAN 8436531919061 (Taille L)<\/p>\n<p>Les sous-gants chauffants sont la solution id\u00e9ale quand vous avez besoin de vous chauffer les mains, quelle que soit la situation ou l\u2019activit\u00e9, \u00e9tant donn\u00e9 que vous pouvez utiliser n\u2019importe quels gants classiques adapt\u00e9s \u00e0 l\u2019activit\u00e9 (chasse, p\u00eache, \u00e9quitation, moto, ski, travail ou n\u2019importe quelle activit\u00e9 r\u00e9alis\u00e9e dans des conditions de froid intense). Ils ne sont pas adapt\u00e9s pour une utilisation comme gants ext\u00e9rieurs. Les propri\u00e9t\u00e9s thermiques des sous-gants GU900 d\u00e9pendent grandement des propri\u00e9t\u00e9s thermiques des gants d\u2019hiver conventionnels non chauffants qui sont utilis\u00e9s sur les sous-gants. Il est conseill\u00e9 d\u2019utiliser des gants conventionnels avec une structure multicouche.<\/p>\n<p>L\u2019\u00e9paisseur tr\u00e8s fine des sous-gants permet de les utiliser sous les gants classiques tout en gardant une bonne sensibilit\u00e9 dans la zone des doigts. Le tissu des sous-gants est \u00e9lastique et s\u2019ajuste parfaitement \u00e0 la main tout en laissant une libert\u00e9 de mouvement parfaite.<\/p>\n","protected":false},"featured_media":372,"template":"","meta":[],"_links":{"self":[{"href":"https:\/\/pekatherm.es\/index.php?rest_route=\/wp\/v2\/product\/967"}],"collection":[{"href":"https:\/\/pekatherm.es\/index.php?rest_route=\/wp\/v2\/product"}],"about":[{"href":"https:\/\/pekatherm.es\/index.php?rest_route=\/wp\/v2\/types\/product"}],"wp:featuredmedia":[{"embeddable":true,"href":"https:\/\/pekatherm.es\/index.php?rest_route=\/wp\/v2\/media\/372"}],"wp:attachment":[{"href":"https:\/\/pekatherm.es\/index.php?rest_route=%2Fwp%2Fv2%2Fmedia&parent=967"}],"curies":[{"name":"wp","href":"https:\/\/api.w.org\/{rel}","templated":true}]}}