{"id":970,"date":"2019-08-21T23:11:39","date_gmt":"2019-08-21T21:11:39","guid":{"rendered":"https:\/\/pekatherm.es\/?product=o120d"},"modified":"2019-08-21T23:11:39","modified_gmt":"2019-08-21T21:11:39","slug":"o120d","status":"publish","type":"product","link":"https:\/\/pekatherm.es\/?product=o120d&lang=fr","title":{"rendered":"O120D &#8211; Couverture individuelle polyester"},"content":{"rendered":"<p>Couverture thermique \u00e0 hautes performances.<\/p>\n<p>4 Niveaux de temp\u00e9rature<\/p>\n<p>170\u00a0x\u00a0130\u00a0cm<\/p>\n<p>Polyester tr\u00e8s doux<\/p>\n<p>100\u00a0W<\/p>\n<p>T\u00e9l\u00e9commande s\u00e9parable<\/p>\n<p>Lavable \u00e0 la main et en machine<\/p>\n<p>Arr\u00eat automatique apr\u00e8s 12 heures<\/p>\n<p>S\u00e9curit\u00e9 d\u2019utilisation maximale. Filament thermique haute s\u00e9curit\u00e9.<\/p>\n<p>Protection contre les surchauffes.<\/p>\n<p>Contr\u00f4le \u00e9lectronique de temp\u00e9rature.<\/p>\n<p><img src=\"https:\/\/falabella.scene7.com\/is\/image\/Falabella\/7037376_img2?wid=560\" alt=\"manta termica pekatherm\" \/><\/p>\n<p><img src=\"https:\/\/falabella.scene7.com\/is\/image\/Falabella\/7037376_img3?wid=560\" alt=\"manta termica pekatherm\" \/><\/p>\n","protected":false},"excerpt":{"rendered":"<p>EAN 8436531912550<\/p>\n<p>Le produit id\u00e9al pour lutter contre le froid les apr\u00e8s-midis et les nuits d\u2019hiver, confortablement install\u00e9 au lit ou dans votre canap\u00e9. Sa texture est extr\u00eamement agr\u00e9able, aussi bien avec des v\u00eatements que directement sur la peau. Cette couverture vous permet de baisser le chauffage ou m\u00eame de l\u2019\u00e9teindre, d\u2019ouvrir les fen\u00eatres et de respirer l\u2019air frais, ce qui est tr\u00e8s sain, et en plus tr\u00e8s avantageux pour le budget de la famille.<\/p>\n<p>Chaleur, beaut\u00e9 et douceur. Vous pouvez chauffer votre corps et vous d\u00e9tendre tout en douceur. L\u2019utilisation de cette couverture active la circulation sanguine dans les muscles et aide \u00e0 atteindre une sensation de bien\u00eatre et de d\u00e9tente apr\u00e8s une dure journ\u00e9e. Elle vous transmettra de nombreux bienfaits th\u00e9rapeutiques. De plus, la flanelle extra douce \u00e0 poil long fera de votre moment de d\u00e9tente l\u2019un des meilleurs moments de la journ\u00e9e. Vous allez mourir d\u2019envie de rentrer chez vous pour vous blottir dans votre couverture.<\/p>\n","protected":false},"featured_media":300,"template":"","meta":[],"_links":{"self":[{"href":"https:\/\/pekatherm.es\/index.php?rest_route=\/wp\/v2\/product\/970"}],"collection":[{"href":"https:\/\/pekatherm.es\/index.php?rest_route=\/wp\/v2\/product"}],"about":[{"href":"https:\/\/pekatherm.es\/index.php?rest_route=\/wp\/v2\/types\/product"}],"wp:featuredmedia":[{"embeddable":true,"href":"https:\/\/pekatherm.es\/index.php?rest_route=\/wp\/v2\/media\/300"}],"wp:attachment":[{"href":"https:\/\/pekatherm.es\/index.php?rest_route=%2Fwp%2Fv2%2Fmedia&parent=970"}],"curies":[{"name":"wp","href":"https:\/\/api.w.org\/{rel}","templated":true}]}}