{"id":973,"date":"2019-08-21T22:52:12","date_gmt":"2019-08-21T20:52:12","guid":{"rendered":"https:\/\/pekatherm.es\/?product=f55"},"modified":"2019-08-21T22:52:12","modified_gmt":"2019-08-21T20:52:12","slug":"f55","status":"publish","type":"product","link":"https:\/\/pekatherm.es\/?product=f55&lang=fr","title":{"rendered":"F55 &#8211; Botte Chauffante"},"content":{"rendered":"<p>Botte Chauffante standard.<\/p>\n<ul>\n<li>3 Niveaux de temp\u00e9rature<\/li>\n<li>30x30x23cm<\/li>\n<li>Polyester<\/li>\n<li>100W<\/li>\n<li>Chaussette amovible lavable \u00e0 la main et en machine<\/li>\n<li>2 h. AutoStop<\/li>\n<\/ul>\n","protected":false},"excerpt":{"rendered":"<p>EAN 8436531910556<\/p>\n<p>D\u00e9tendez-vous et profitez d\u2019un repos bien m\u00e9rit\u00e9 gr\u00e2ce \u00e0 notre botte chauffante. Pour garder les pieds au chaud pendant que vous lisez ou que vous regardez la t\u00e9l\u00e9vision. Trois niveaux de puissance et tissu tr\u00e8s doux au toucher, pour des moments de d\u00e9tente d\u00e9licieux.<\/p>\n<p>Profitez \u00e9galement de ses bienfaits th\u00e9rapeutiques. Elle vous aidera \u00e0 mieux vous reposer et \u00e0 prendre soin de vos pieds fatigu\u00e9s apr\u00e8s une dure journ\u00e9e de travail. La chaleur aide \u00e0 soulager plusieurs types de pathologie et de probl\u00e8mes physiques. Notre organisme r\u00e9agit face aux th\u00e9rapies \u00e0 base de chaleur qui provoque des effets tr\u00e8s positifs.<br \/>\nFacile \u00e0 nettoyer gr\u00e2ce \u00e0 sa chaussette int\u00e9rieure amovible.<\/p>\n","protected":false},"featured_media":1537,"template":"","meta":[],"_links":{"self":[{"href":"https:\/\/pekatherm.es\/index.php?rest_route=\/wp\/v2\/product\/973"}],"collection":[{"href":"https:\/\/pekatherm.es\/index.php?rest_route=\/wp\/v2\/product"}],"about":[{"href":"https:\/\/pekatherm.es\/index.php?rest_route=\/wp\/v2\/types\/product"}],"wp:featuredmedia":[{"embeddable":true,"href":"https:\/\/pekatherm.es\/index.php?rest_route=\/wp\/v2\/media\/1537"}],"wp:attachment":[{"href":"https:\/\/pekatherm.es\/index.php?rest_route=%2Fwp%2Fv2%2Fmedia&parent=973"}],"curies":[{"name":"wp","href":"https:\/\/api.w.org\/{rel}","templated":true}]}}