{"id":996,"date":"2019-08-21T23:08:51","date_gmt":"2019-08-21T21:08:51","guid":{"rendered":"https:\/\/pekatherm.es\/?product=up117"},"modified":"2019-08-21T23:08:51","modified_gmt":"2019-08-21T21:08:51","slug":"up117","status":"publish","type":"product","link":"https:\/\/pekatherm.es\/?product=up117&lang=fr","title":{"rendered":"UP117 &#8211; Chauffe-matelas individuel en polyester avec r\u00e9gulateur non s\u00e9parable"},"content":{"rendered":"<p>Chauffe-matelas individuel standard.<\/p>\n<p>2 Niveaux de temp\u00e9rature<\/p>\n<p>170 x 90 cm<\/p>\n<p>Polyester<\/p>\n<p>60\u00a0W<\/p>\n<p>Lavable \u00e0 la main<\/p>\n<p>R\u00e9gulateur non s\u00e9parable<\/p>\n","protected":false},"excerpt":{"rendered":"<p>EAN 8436531911201<\/p>\n<p>Chauffe-matelas individuel (170\u00a0x\u00a090 cm) avec r\u00e9gulateur non s\u00e9parable, fabriqu\u00e9 en polyester de grande qualit\u00e9, con\u00e7u pour un sommeil r\u00e9parateur et pour votre bien\u00eatre.\u00a0 Un sommeil de qualit\u00e9 a des cons\u00e9quences positives sur votre sant\u00e9, et donc sur votre beaut\u00e9, votre humeur et votre mani\u00e8re d\u2019affronter les d\u00e9fis de la journ\u00e9e.<\/p>\n<p>Les chauffe-matelas sont des \u00e9l\u00e9ments de chauffage de grandes dimensions et flexibles con\u00e7us sp\u00e9cialement pour s\u2019adapter au matelas et pour s\u2019allonger dessus. Ils consomment tr\u00e8s peu d\u2019\u00e9nergie et produisent une chaleur ascendante douce, mais efficace.<\/p>\n<p>La chaleur est b\u00e9n\u00e9fique pour la circulation sanguine, \u00e9limine les toxines, d\u00e9tend et favorise le repos. Elle r\u00e9duit les probl\u00e8mes de sommeil et rend plus agr\u00e9ables les nuits les plus froides.<\/p>\n<p>Les chauffe-matelas Pekatherm sont surs et fiables \u00e0 100\u00a0% gr\u00e2ce \u00e0 leur c\u00e2ble de chauffage \u00e0 double bobinage, leur double fusible thermique et leur syst\u00e8me de d\u00e9connexion automatique en cas de mauvais fonctionnement. Technologie de s\u00e9curit\u00e9 maximale.<\/p>\n","protected":false},"featured_media":302,"template":"","meta":[],"_links":{"self":[{"href":"https:\/\/pekatherm.es\/index.php?rest_route=\/wp\/v2\/product\/996"}],"collection":[{"href":"https:\/\/pekatherm.es\/index.php?rest_route=\/wp\/v2\/product"}],"about":[{"href":"https:\/\/pekatherm.es\/index.php?rest_route=\/wp\/v2\/types\/product"}],"wp:featuredmedia":[{"embeddable":true,"href":"https:\/\/pekatherm.es\/index.php?rest_route=\/wp\/v2\/media\/302"}],"wp:attachment":[{"href":"https:\/\/pekatherm.es\/index.php?rest_route=%2Fwp%2Fv2%2Fmedia&parent=996"}],"curies":[{"name":"wp","href":"https:\/\/api.w.org\/{rel}","templated":true}]}}